{"id":4,"date":"2022-01-17T15:27:26","date_gmt":"2022-01-17T18:27:26","guid":{"rendered":"https:\/\/glomes.com.br\/jovempanaju\/home\/"},"modified":"2022-08-19T11:16:53","modified_gmt":"2022-08-19T14:16:53","slug":"home","status":"publish","type":"page","link":"https:\/\/glomes.com.br\/jovempanaju\/","title":{"rendered":"Home"},"content":{"rendered":"","protected":false},"excerpt":{"rendered":"","protected":false},"author":1,"featured_media":0,"parent":0,"menu_order":0,"comment_status":"closed","ping_status":"closed","template":"","meta":{"_acf_changed":false,"footnotes":""},"class_list":["post-4","page","type-page","status-publish","hentry"],"acf":[],"yoast_head":"<!-- This site is optimized with the Yoast SEO plugin v25.8 - https:\/\/yoast.com\/wordpress\/plugins\/seo\/ -->\n<title>Jovem Pan Aracaju - 88.7 FM<\/title>\n<meta name=\"description\" content=\"Desde 2007, a Jovem Pan Aracaju, uma empresa do Grupo Lomes de Comunica\u00e7\u00e3o, est\u00e1 no ar em Sergipe com uma programa\u00e7\u00e3o musical abrangente e diferenciada.\" \/>\n<meta name=\"robots\" content=\"index, follow, max-snippet:-1, max-image-preview:large, max-video-preview:-1\" \/>\n<link rel=\"canonical\" href=\"https:\/\/glomes.com.br\/jovempanaju\/\" \/>\n<meta property=\"og:locale\" content=\"pt_BR\" \/>\n<meta property=\"og:type\" content=\"article\" \/>\n<meta property=\"og:title\" content=\"Jovem Pan Aracaju - 88.7 FM\" \/>\n<meta property=\"og:description\" content=\"Desde 2007, a Jovem Pan Aracaju, uma empresa do Grupo Lomes de Comunica\u00e7\u00e3o, est\u00e1 no ar em Sergipe com uma programa\u00e7\u00e3o musical abrangente e diferenciada.\" \/>\n<meta property=\"og:url\" content=\"https:\/\/glomes.com.br\/jovempanaju\/\" \/>\n<meta property=\"og:site_name\" content=\"Jovem Pan Aracaju - 88.7 FM\" \/>\n<meta property=\"article:modified_time\" content=\"2022-08-19T14:16:53+00:00\" \/>\n<meta name=\"twitter:card\" content=\"summary_large_image\" \/>\n<script type=\"application\/ld+json\" class=\"yoast-schema-graph\">{\"@context\":\"https:\/\/schema.org\",\"@graph\":[{\"@type\":\"WebPage\",\"@id\":\"https:\/\/glomes.com.br\/jovempanaju\/\",\"url\":\"https:\/\/glomes.com.br\/jovempanaju\/\",\"name\":\"Jovem Pan Aracaju - 88.7 FM\",\"isPartOf\":{\"@id\":\"https:\/\/glomes.com.br\/jovempanaju\/#website\"},\"datePublished\":\"2022-01-17T18:27:26+00:00\",\"dateModified\":\"2022-08-19T14:16:53+00:00\",\"description\":\"Desde 2007, a Jovem Pan Aracaju, uma empresa do Grupo Lomes de Comunica\u00e7\u00e3o, est\u00e1 no ar em Sergipe com uma programa\u00e7\u00e3o musical abrangente e diferenciada.\",\"breadcrumb\":{\"@id\":\"https:\/\/glomes.com.br\/jovempanaju\/#breadcrumb\"},\"inLanguage\":\"pt-BR\",\"potentialAction\":[{\"@type\":\"ReadAction\",\"target\":[\"https:\/\/glomes.com.br\/jovempanaju\/\"]}]},{\"@type\":\"BreadcrumbList\",\"@id\":\"https:\/\/glomes.com.br\/jovempanaju\/#breadcrumb\",\"itemListElement\":[{\"@type\":\"ListItem\",\"position\":1,\"name\":\"In\u00edcio\",\"item\":\"https:\/\/glomes.com.br\/jovempanaju\/\"},{\"@type\":\"ListItem\",\"position\":2,\"name\":\"Home\"}]},{\"@type\":\"WebSite\",\"@id\":\"https:\/\/glomes.com.br\/jovempanaju\/#website\",\"url\":\"https:\/\/glomes.com.br\/jovempanaju\/\",\"name\":\"Jovem Pan Aracaju - 88.7 FM\",\"description\":\"\",\"publisher\":{\"@id\":\"https:\/\/glomes.com.br\/jovempanaju\/#organization\"},\"potentialAction\":[{\"@type\":\"SearchAction\",\"target\":{\"@type\":\"EntryPoint\",\"urlTemplate\":\"https:\/\/glomes.com.br\/jovempanaju\/?s={search_term_string}\"},\"query-input\":{\"@type\":\"PropertyValueSpecification\",\"valueRequired\":true,\"valueName\":\"search_term_string\"}}],\"inLanguage\":\"pt-BR\"},{\"@type\":\"Organization\",\"@id\":\"https:\/\/glomes.com.br\/jovempanaju\/#organization\",\"name\":\"Jovem Pan Aracaju - 88.7 FM\",\"url\":\"https:\/\/glomes.com.br\/jovempanaju\/\",\"logo\":{\"@type\":\"ImageObject\",\"inLanguage\":\"pt-BR\",\"@id\":\"https:\/\/glomes.com.br\/jovempanaju\/#\/schema\/logo\/image\/\",\"url\":\"https:\/\/glomes.com.br\/jovempanaju\/wp-content\/uploads\/sites\/10\/2022\/02\/jovempan-aracaju.png\",\"contentUrl\":\"https:\/\/glomes.com.br\/jovempanaju\/wp-content\/uploads\/sites\/10\/2022\/02\/jovempan-aracaju.png\",\"width\":255,\"height\":177,\"caption\":\"Jovem Pan Aracaju - 88.7 FM\"},\"image\":{\"@id\":\"https:\/\/glomes.com.br\/jovempanaju\/#\/schema\/logo\/image\/\"}}]}<\/script>\n<!-- \/ Yoast SEO plugin. -->","yoast_head_json":{"title":"Jovem Pan Aracaju - 88.7 FM","description":"Desde 2007, a Jovem Pan Aracaju, uma empresa do Grupo Lomes de Comunica\u00e7\u00e3o, est\u00e1 no ar em Sergipe com uma programa\u00e7\u00e3o musical abrangente e diferenciada.","robots":{"index":"index","follow":"follow","max-snippet":"max-snippet:-1","max-image-preview":"max-image-preview:large","max-video-preview":"max-video-preview:-1"},"canonical":"https:\/\/glomes.com.br\/jovempanaju\/","og_locale":"pt_BR","og_type":"article","og_title":"Jovem Pan Aracaju - 88.7 FM","og_description":"Desde 2007, a Jovem Pan Aracaju, uma empresa do Grupo Lomes de Comunica\u00e7\u00e3o, est\u00e1 no ar em Sergipe com uma programa\u00e7\u00e3o musical abrangente e diferenciada.","og_url":"https:\/\/glomes.com.br\/jovempanaju\/","og_site_name":"Jovem Pan Aracaju - 88.7 FM","article_modified_time":"2022-08-19T14:16:53+00:00","twitter_card":"summary_large_image","schema":{"@context":"https:\/\/schema.org","@graph":[{"@type":"WebPage","@id":"https:\/\/glomes.com.br\/jovempanaju\/","url":"https:\/\/glomes.com.br\/jovempanaju\/","name":"Jovem Pan Aracaju - 88.7 FM","isPartOf":{"@id":"https:\/\/glomes.com.br\/jovempanaju\/#website"},"datePublished":"2022-01-17T18:27:26+00:00","dateModified":"2022-08-19T14:16:53+00:00","description":"Desde 2007, a Jovem Pan Aracaju, uma empresa do Grupo Lomes de Comunica\u00e7\u00e3o, est\u00e1 no ar em Sergipe com uma programa\u00e7\u00e3o musical abrangente e diferenciada.","breadcrumb":{"@id":"https:\/\/glomes.com.br\/jovempanaju\/#breadcrumb"},"inLanguage":"pt-BR","potentialAction":[{"@type":"ReadAction","target":["https:\/\/glomes.com.br\/jovempanaju\/"]}]},{"@type":"BreadcrumbList","@id":"https:\/\/glomes.com.br\/jovempanaju\/#breadcrumb","itemListElement":[{"@type":"ListItem","position":1,"name":"In\u00edcio","item":"https:\/\/glomes.com.br\/jovempanaju\/"},{"@type":"ListItem","position":2,"name":"Home"}]},{"@type":"WebSite","@id":"https:\/\/glomes.com.br\/jovempanaju\/#website","url":"https:\/\/glomes.com.br\/jovempanaju\/","name":"Jovem Pan Aracaju - 88.7 FM","description":"","publisher":{"@id":"https:\/\/glomes.com.br\/jovempanaju\/#organization"},"potentialAction":[{"@type":"SearchAction","target":{"@type":"EntryPoint","urlTemplate":"https:\/\/glomes.com.br\/jovempanaju\/?s={search_term_string}"},"query-input":{"@type":"PropertyValueSpecification","valueRequired":true,"valueName":"search_term_string"}}],"inLanguage":"pt-BR"},{"@type":"Organization","@id":"https:\/\/glomes.com.br\/jovempanaju\/#organization","name":"Jovem Pan Aracaju - 88.7 FM","url":"https:\/\/glomes.com.br\/jovempanaju\/","logo":{"@type":"ImageObject","inLanguage":"pt-BR","@id":"https:\/\/glomes.com.br\/jovempanaju\/#\/schema\/logo\/image\/","url":"https:\/\/glomes.com.br\/jovempanaju\/wp-content\/uploads\/sites\/10\/2022\/02\/jovempan-aracaju.png","contentUrl":"https:\/\/glomes.com.br\/jovempanaju\/wp-content\/uploads\/sites\/10\/2022\/02\/jovempan-aracaju.png","width":255,"height":177,"caption":"Jovem Pan Aracaju - 88.7 FM"},"image":{"@id":"https:\/\/glomes.com.br\/jovempanaju\/#\/schema\/logo\/image\/"}}]}},"_links":{"self":[{"href":"https:\/\/glomes.com.br\/jovempanaju\/wp-json\/wp\/v2\/pages\/4","targetHints":{"allow":["GET"]}}],"collection":[{"href":"https:\/\/glomes.com.br\/jovempanaju\/wp-json\/wp\/v2\/pages"}],"about":[{"href":"https:\/\/glomes.com.br\/jovempanaju\/wp-json\/wp\/v2\/types\/page"}],"author":[{"embeddable":true,"href":"https:\/\/glomes.com.br\/jovempanaju\/wp-json\/wp\/v2\/users\/1"}],"replies":[{"embeddable":true,"href":"https:\/\/glomes.com.br\/jovempanaju\/wp-json\/wp\/v2\/comments?post=4"}],"version-history":[{"count":4,"href":"https:\/\/glomes.com.br\/jovempanaju\/wp-json\/wp\/v2\/pages\/4\/revisions"}],"predecessor-version":[{"id":86,"href":"https:\/\/glomes.com.br\/jovempanaju\/wp-json\/wp\/v2\/pages\/4\/revisions\/86"}],"wp:attachment":[{"href":"https:\/\/glomes.com.br\/jovempanaju\/wp-json\/wp\/v2\/media?parent=4"}],"curies":[{"name":"wp","href":"https:\/\/api.w.org\/{rel}","templated":true}]}}