{"id":30,"date":"2022-02-21T14:20:20","date_gmt":"2022-02-21T17:20:20","guid":{"rendered":"https:\/\/glomes.com.br\/morenaserrinhafm\/?page_id=30"},"modified":"2022-04-12T14:51:31","modified_gmt":"2022-04-12T17:51:31","slug":"a-radio","status":"publish","type":"page","link":"https:\/\/glomes.com.br\/morenaserrinhafm\/a-radio\/","title":{"rendered":"A R\u00e1dio"},"content":{"rendered":"<h2>Quem Somos<\/h2>\r\n<!-- \/wp:post-content -->\r\n\r\n<!-- wp:heading {\"level\":3} -->\r\n<h3><strong>Informa\u00e7\u00e3o com qualidade e credibilidade<\/strong><\/h3>\r\n<!-- \/wp:heading -->\r\n\r\n<!-- wp:paragraph -->\r\n<p>Com experi\u00eancia de mais de 30 anos atuando no segmento de radiof\u00f4nico, o Grupo Lomes de Comunica\u00e7\u00e3o opera atualmente com emissoras nas cidades baianas de Salvador e regi\u00e3o metropolitana, Feira de Santana, Alagoinhas, Euclides da Cunha, Capim Grosso, Serrinha, Cruz das Almas e Itabela, al\u00e9m de Aracaju, capital de Sergipe. Atua com r\u00e1dios pr\u00f3prias e bandeiras como Jovem Pan e Band FM, al\u00e9m da Transbrasil.<\/p>","protected":false},"excerpt":{"rendered":"<p>Quem Somos Informa\u00e7\u00e3o com qualidade e credibilidade Com experi\u00eancia de mais de 30 anos atuando no segmento de radiof\u00f4nico, o Grupo Lomes de Comunica\u00e7\u00e3o opera atualmente com emissoras nas cidades baianas de Salvador e regi\u00e3o metropolitana, Feira de Santana, Alagoinhas, Euclides da Cunha, Capim Grosso, Serrinha, Cruz das Almas e Itabela, al\u00e9m de Aracaju, capital [&hellip;]<\/p>\n","protected":false},"author":1,"featured_media":0,"parent":0,"menu_order":0,"comment_status":"closed","ping_status":"closed","template":"","meta":{"_acf_changed":false,"footnotes":""},"class_list":["post-30","page","type-page","status-publish","hentry"],"acf":[],"yoast_head":"<!-- This site is optimized with the Yoast SEO plugin v25.8 - https:\/\/yoast.com\/wordpress\/plugins\/seo\/ -->\n<title>A R\u00e1dio | Morena Serrinha - 97.9 FM<\/title>\n<meta name=\"robots\" content=\"index, follow, max-snippet:-1, max-image-preview:large, max-video-preview:-1\" \/>\n<link rel=\"canonical\" href=\"https:\/\/glomes.com.br\/morenaserrinhafm\/a-radio\/\" \/>\n<meta property=\"og:locale\" content=\"pt_BR\" \/>\n<meta property=\"og:type\" content=\"article\" \/>\n<meta property=\"og:title\" content=\"A R\u00e1dio | Morena Serrinha - 97.9 FM\" \/>\n<meta property=\"og:description\" content=\"Quem Somos Informa\u00e7\u00e3o com qualidade e credibilidade Com experi\u00eancia de mais de 30 anos atuando no segmento de radiof\u00f4nico, o Grupo Lomes de Comunica\u00e7\u00e3o opera atualmente com emissoras nas cidades baianas de Salvador e regi\u00e3o metropolitana, Feira de Santana, Alagoinhas, Euclides da Cunha, Capim Grosso, Serrinha, Cruz das Almas e Itabela, al\u00e9m de Aracaju, capital [&hellip;]\" \/>\n<meta property=\"og:url\" content=\"https:\/\/glomes.com.br\/morenaserrinhafm\/a-radio\/\" \/>\n<meta property=\"og:site_name\" content=\"Morena Serrinha - 97.9 FM\" \/>\n<meta property=\"article:modified_time\" content=\"2022-04-12T17:51:31+00:00\" \/>\n<meta name=\"twitter:card\" content=\"summary_large_image\" \/>\n<script type=\"application\/ld+json\" class=\"yoast-schema-graph\">{\"@context\":\"https:\/\/schema.org\",\"@graph\":[{\"@type\":\"WebPage\",\"@id\":\"https:\/\/glomes.com.br\/morenaserrinhafm\/a-radio\/\",\"url\":\"https:\/\/glomes.com.br\/morenaserrinhafm\/a-radio\/\",\"name\":\"A R\u00e1dio | Morena Serrinha - 97.9 FM\",\"isPartOf\":{\"@id\":\"https:\/\/glomes.com.br\/morenaserrinhafm\/#website\"},\"datePublished\":\"2022-02-21T17:20:20+00:00\",\"dateModified\":\"2022-04-12T17:51:31+00:00\",\"breadcrumb\":{\"@id\":\"https:\/\/glomes.com.br\/morenaserrinhafm\/a-radio\/#breadcrumb\"},\"inLanguage\":\"pt-BR\",\"potentialAction\":[{\"@type\":\"ReadAction\",\"target\":[\"https:\/\/glomes.com.br\/morenaserrinhafm\/a-radio\/\"]}]},{\"@type\":\"BreadcrumbList\",\"@id\":\"https:\/\/glomes.com.br\/morenaserrinhafm\/a-radio\/#breadcrumb\",\"itemListElement\":[{\"@type\":\"ListItem\",\"position\":1,\"name\":\"In\u00edcio\",\"item\":\"https:\/\/glomes.com.br\/morenaserrinhafm\/\"},{\"@type\":\"ListItem\",\"position\":2,\"name\":\"A R\u00e1dio\"}]},{\"@type\":\"WebSite\",\"@id\":\"https:\/\/glomes.com.br\/morenaserrinhafm\/#website\",\"url\":\"https:\/\/glomes.com.br\/morenaserrinhafm\/\",\"name\":\"Morena Serrinha - 97.9 FM\",\"description\":\"\",\"publisher\":{\"@id\":\"https:\/\/glomes.com.br\/morenaserrinhafm\/#organization\"},\"potentialAction\":[{\"@type\":\"SearchAction\",\"target\":{\"@type\":\"EntryPoint\",\"urlTemplate\":\"https:\/\/glomes.com.br\/morenaserrinhafm\/?s={search_term_string}\"},\"query-input\":{\"@type\":\"PropertyValueSpecification\",\"valueRequired\":true,\"valueName\":\"search_term_string\"}}],\"inLanguage\":\"pt-BR\"},{\"@type\":\"Organization\",\"@id\":\"https:\/\/glomes.com.br\/morenaserrinhafm\/#organization\",\"name\":\"Morena Serrinha - 97.9 FM\",\"url\":\"https:\/\/glomes.com.br\/morenaserrinhafm\/\",\"logo\":{\"@type\":\"ImageObject\",\"inLanguage\":\"pt-BR\",\"@id\":\"https:\/\/glomes.com.br\/morenaserrinhafm\/#\/schema\/logo\/image\/\",\"url\":\"https:\/\/glomes.com.br\/morenaserrinhafm\/wp-content\/uploads\/sites\/11\/2022\/02\/Logo-morena-fundo.jpg\",\"contentUrl\":\"https:\/\/glomes.com.br\/morenaserrinhafm\/wp-content\/uploads\/sites\/11\/2022\/02\/Logo-morena-fundo.jpg\",\"width\":255,\"height\":177,\"caption\":\"Morena Serrinha - 97.9 FM\"},\"image\":{\"@id\":\"https:\/\/glomes.com.br\/morenaserrinhafm\/#\/schema\/logo\/image\/\"}}]}<\/script>\n<!-- \/ Yoast SEO plugin. -->","yoast_head_json":{"title":"A R\u00e1dio | Morena Serrinha - 97.9 FM","robots":{"index":"index","follow":"follow","max-snippet":"max-snippet:-1","max-image-preview":"max-image-preview:large","max-video-preview":"max-video-preview:-1"},"canonical":"https:\/\/glomes.com.br\/morenaserrinhafm\/a-radio\/","og_locale":"pt_BR","og_type":"article","og_title":"A R\u00e1dio | Morena Serrinha - 97.9 FM","og_description":"Quem Somos Informa\u00e7\u00e3o com qualidade e credibilidade Com experi\u00eancia de mais de 30 anos atuando no segmento de radiof\u00f4nico, o Grupo Lomes de Comunica\u00e7\u00e3o opera atualmente com emissoras nas cidades baianas de Salvador e regi\u00e3o metropolitana, Feira de Santana, Alagoinhas, Euclides da Cunha, Capim Grosso, Serrinha, Cruz das Almas e Itabela, al\u00e9m de Aracaju, capital [&hellip;]","og_url":"https:\/\/glomes.com.br\/morenaserrinhafm\/a-radio\/","og_site_name":"Morena Serrinha - 97.9 FM","article_modified_time":"2022-04-12T17:51:31+00:00","twitter_card":"summary_large_image","schema":{"@context":"https:\/\/schema.org","@graph":[{"@type":"WebPage","@id":"https:\/\/glomes.com.br\/morenaserrinhafm\/a-radio\/","url":"https:\/\/glomes.com.br\/morenaserrinhafm\/a-radio\/","name":"A R\u00e1dio | Morena Serrinha - 97.9 FM","isPartOf":{"@id":"https:\/\/glomes.com.br\/morenaserrinhafm\/#website"},"datePublished":"2022-02-21T17:20:20+00:00","dateModified":"2022-04-12T17:51:31+00:00","breadcrumb":{"@id":"https:\/\/glomes.com.br\/morenaserrinhafm\/a-radio\/#breadcrumb"},"inLanguage":"pt-BR","potentialAction":[{"@type":"ReadAction","target":["https:\/\/glomes.com.br\/morenaserrinhafm\/a-radio\/"]}]},{"@type":"BreadcrumbList","@id":"https:\/\/glomes.com.br\/morenaserrinhafm\/a-radio\/#breadcrumb","itemListElement":[{"@type":"ListItem","position":1,"name":"In\u00edcio","item":"https:\/\/glomes.com.br\/morenaserrinhafm\/"},{"@type":"ListItem","position":2,"name":"A R\u00e1dio"}]},{"@type":"WebSite","@id":"https:\/\/glomes.com.br\/morenaserrinhafm\/#website","url":"https:\/\/glomes.com.br\/morenaserrinhafm\/","name":"Morena Serrinha - 97.9 FM","description":"","publisher":{"@id":"https:\/\/glomes.com.br\/morenaserrinhafm\/#organization"},"potentialAction":[{"@type":"SearchAction","target":{"@type":"EntryPoint","urlTemplate":"https:\/\/glomes.com.br\/morenaserrinhafm\/?s={search_term_string}"},"query-input":{"@type":"PropertyValueSpecification","valueRequired":true,"valueName":"search_term_string"}}],"inLanguage":"pt-BR"},{"@type":"Organization","@id":"https:\/\/glomes.com.br\/morenaserrinhafm\/#organization","name":"Morena Serrinha - 97.9 FM","url":"https:\/\/glomes.com.br\/morenaserrinhafm\/","logo":{"@type":"ImageObject","inLanguage":"pt-BR","@id":"https:\/\/glomes.com.br\/morenaserrinhafm\/#\/schema\/logo\/image\/","url":"https:\/\/glomes.com.br\/morenaserrinhafm\/wp-content\/uploads\/sites\/11\/2022\/02\/Logo-morena-fundo.jpg","contentUrl":"https:\/\/glomes.com.br\/morenaserrinhafm\/wp-content\/uploads\/sites\/11\/2022\/02\/Logo-morena-fundo.jpg","width":255,"height":177,"caption":"Morena Serrinha - 97.9 FM"},"image":{"@id":"https:\/\/glomes.com.br\/morenaserrinhafm\/#\/schema\/logo\/image\/"}}]}},"_links":{"self":[{"href":"https:\/\/glomes.com.br\/morenaserrinhafm\/wp-json\/wp\/v2\/pages\/30","targetHints":{"allow":["GET"]}}],"collection":[{"href":"https:\/\/glomes.com.br\/morenaserrinhafm\/wp-json\/wp\/v2\/pages"}],"about":[{"href":"https:\/\/glomes.com.br\/morenaserrinhafm\/wp-json\/wp\/v2\/types\/page"}],"author":[{"embeddable":true,"href":"https:\/\/glomes.com.br\/morenaserrinhafm\/wp-json\/wp\/v2\/users\/1"}],"replies":[{"embeddable":true,"href":"https:\/\/glomes.com.br\/morenaserrinhafm\/wp-json\/wp\/v2\/comments?post=30"}],"version-history":[{"count":2,"href":"https:\/\/glomes.com.br\/morenaserrinhafm\/wp-json\/wp\/v2\/pages\/30\/revisions"}],"predecessor-version":[{"id":78,"href":"https:\/\/glomes.com.br\/morenaserrinhafm\/wp-json\/wp\/v2\/pages\/30\/revisions\/78"}],"wp:attachment":[{"href":"https:\/\/glomes.com.br\/morenaserrinhafm\/wp-json\/wp\/v2\/media?parent=30"}],"curies":[{"name":"wp","href":"https:\/\/api.w.org\/{rel}","templated":true}]}}