{"id":4,"date":"2022-01-17T15:30:29","date_gmt":"2022-01-17T18:30:29","guid":{"rendered":"https:\/\/glomes.com.br\/regionalserrinhaam\/home\/"},"modified":"2022-08-19T12:16:04","modified_gmt":"2022-08-19T15:16:04","slug":"home","status":"publish","type":"page","link":"https:\/\/glomes.com.br\/regionalserrinhaam\/","title":{"rendered":"Home"},"content":{"rendered":"","protected":false},"excerpt":{"rendered":"","protected":false},"author":1,"featured_media":0,"parent":0,"menu_order":0,"comment_status":"closed","ping_status":"closed","template":"","meta":{"_acf_changed":false,"footnotes":""},"class_list":["post-4","page","type-page","status-publish","hentry"],"acf":[],"yoast_head":"<!-- This site is optimized with the Yoast SEO plugin v25.8 - https:\/\/yoast.com\/wordpress\/plugins\/seo\/ -->\n<title>Regional Serrinha - 790 AM<\/title>\n<meta name=\"description\" content=\"A Regional AM \u00e9 localizada em Serrinha, leva informa\u00e7\u00e3o, not\u00edcias locais para ouvintes fieis serrinhenses.\" \/>\n<meta name=\"robots\" content=\"index, follow, max-snippet:-1, max-image-preview:large, max-video-preview:-1\" \/>\n<link rel=\"canonical\" href=\"https:\/\/glomes.com.br\/regionalserrinhaam\/\" \/>\n<meta property=\"og:locale\" content=\"pt_BR\" \/>\n<meta property=\"og:type\" content=\"article\" \/>\n<meta property=\"og:title\" content=\"Regional Serrinha - 790 AM\" \/>\n<meta property=\"og:description\" content=\"A Regional AM \u00e9 localizada em Serrinha, leva informa\u00e7\u00e3o, not\u00edcias locais para ouvintes fieis serrinhenses.\" \/>\n<meta property=\"og:url\" content=\"https:\/\/glomes.com.br\/regionalserrinhaam\/\" \/>\n<meta property=\"og:site_name\" content=\"Regional Serrinha - 790 AM\" \/>\n<meta property=\"article:modified_time\" content=\"2022-08-19T15:16:04+00:00\" \/>\n<meta name=\"twitter:card\" content=\"summary_large_image\" \/>\n<script type=\"application\/ld+json\" class=\"yoast-schema-graph\">{\"@context\":\"https:\/\/schema.org\",\"@graph\":[{\"@type\":\"WebPage\",\"@id\":\"https:\/\/glomes.com.br\/regionalserrinhaam\/\",\"url\":\"https:\/\/glomes.com.br\/regionalserrinhaam\/\",\"name\":\"Regional Serrinha - 790 AM\",\"isPartOf\":{\"@id\":\"https:\/\/glomes.com.br\/regionalserrinhaam\/#website\"},\"datePublished\":\"2022-01-17T18:30:29+00:00\",\"dateModified\":\"2022-08-19T15:16:04+00:00\",\"description\":\"A Regional AM \u00e9 localizada em Serrinha, leva informa\u00e7\u00e3o, not\u00edcias locais para ouvintes fieis serrinhenses.\",\"breadcrumb\":{\"@id\":\"https:\/\/glomes.com.br\/regionalserrinhaam\/#breadcrumb\"},\"inLanguage\":\"pt-BR\",\"potentialAction\":[{\"@type\":\"ReadAction\",\"target\":[\"https:\/\/glomes.com.br\/regionalserrinhaam\/\"]}]},{\"@type\":\"BreadcrumbList\",\"@id\":\"https:\/\/glomes.com.br\/regionalserrinhaam\/#breadcrumb\",\"itemListElement\":[{\"@type\":\"ListItem\",\"position\":1,\"name\":\"In\u00edcio\",\"item\":\"https:\/\/glomes.com.br\/regionalserrinhaam\/\"},{\"@type\":\"ListItem\",\"position\":2,\"name\":\"Home\"}]},{\"@type\":\"WebSite\",\"@id\":\"https:\/\/glomes.com.br\/regionalserrinhaam\/#website\",\"url\":\"https:\/\/glomes.com.br\/regionalserrinhaam\/\",\"name\":\"Regional Serrinha - 790 AM\",\"description\":\"\",\"publisher\":{\"@id\":\"https:\/\/glomes.com.br\/regionalserrinhaam\/#organization\"},\"potentialAction\":[{\"@type\":\"SearchAction\",\"target\":{\"@type\":\"EntryPoint\",\"urlTemplate\":\"https:\/\/glomes.com.br\/regionalserrinhaam\/?s={search_term_string}\"},\"query-input\":{\"@type\":\"PropertyValueSpecification\",\"valueRequired\":true,\"valueName\":\"search_term_string\"}}],\"inLanguage\":\"pt-BR\"},{\"@type\":\"Organization\",\"@id\":\"https:\/\/glomes.com.br\/regionalserrinhaam\/#organization\",\"name\":\"Regional Serrinha - 790 AM\",\"url\":\"https:\/\/glomes.com.br\/regionalserrinhaam\/\",\"logo\":{\"@type\":\"ImageObject\",\"inLanguage\":\"pt-BR\",\"@id\":\"https:\/\/glomes.com.br\/regionalserrinhaam\/#\/schema\/logo\/image\/\",\"url\":\"https:\/\/glomes.com.br\/regionalserrinhaam\/wp-content\/uploads\/sites\/14\/2022\/02\/Logo-regional-fundo.png\",\"contentUrl\":\"https:\/\/glomes.com.br\/regionalserrinhaam\/wp-content\/uploads\/sites\/14\/2022\/02\/Logo-regional-fundo.png\",\"width\":255,\"height\":177,\"caption\":\"Regional Serrinha - 790 AM\"},\"image\":{\"@id\":\"https:\/\/glomes.com.br\/regionalserrinhaam\/#\/schema\/logo\/image\/\"}}]}<\/script>\n<!-- \/ Yoast SEO plugin. -->","yoast_head_json":{"title":"Regional Serrinha - 790 AM","description":"A Regional AM \u00e9 localizada em Serrinha, leva informa\u00e7\u00e3o, not\u00edcias locais para ouvintes fieis serrinhenses.","robots":{"index":"index","follow":"follow","max-snippet":"max-snippet:-1","max-image-preview":"max-image-preview:large","max-video-preview":"max-video-preview:-1"},"canonical":"https:\/\/glomes.com.br\/regionalserrinhaam\/","og_locale":"pt_BR","og_type":"article","og_title":"Regional Serrinha - 790 AM","og_description":"A Regional AM \u00e9 localizada em Serrinha, leva informa\u00e7\u00e3o, not\u00edcias locais para ouvintes fieis serrinhenses.","og_url":"https:\/\/glomes.com.br\/regionalserrinhaam\/","og_site_name":"Regional Serrinha - 790 AM","article_modified_time":"2022-08-19T15:16:04+00:00","twitter_card":"summary_large_image","schema":{"@context":"https:\/\/schema.org","@graph":[{"@type":"WebPage","@id":"https:\/\/glomes.com.br\/regionalserrinhaam\/","url":"https:\/\/glomes.com.br\/regionalserrinhaam\/","name":"Regional Serrinha - 790 AM","isPartOf":{"@id":"https:\/\/glomes.com.br\/regionalserrinhaam\/#website"},"datePublished":"2022-01-17T18:30:29+00:00","dateModified":"2022-08-19T15:16:04+00:00","description":"A Regional AM \u00e9 localizada em Serrinha, leva informa\u00e7\u00e3o, not\u00edcias locais para ouvintes fieis serrinhenses.","breadcrumb":{"@id":"https:\/\/glomes.com.br\/regionalserrinhaam\/#breadcrumb"},"inLanguage":"pt-BR","potentialAction":[{"@type":"ReadAction","target":["https:\/\/glomes.com.br\/regionalserrinhaam\/"]}]},{"@type":"BreadcrumbList","@id":"https:\/\/glomes.com.br\/regionalserrinhaam\/#breadcrumb","itemListElement":[{"@type":"ListItem","position":1,"name":"In\u00edcio","item":"https:\/\/glomes.com.br\/regionalserrinhaam\/"},{"@type":"ListItem","position":2,"name":"Home"}]},{"@type":"WebSite","@id":"https:\/\/glomes.com.br\/regionalserrinhaam\/#website","url":"https:\/\/glomes.com.br\/regionalserrinhaam\/","name":"Regional Serrinha - 790 AM","description":"","publisher":{"@id":"https:\/\/glomes.com.br\/regionalserrinhaam\/#organization"},"potentialAction":[{"@type":"SearchAction","target":{"@type":"EntryPoint","urlTemplate":"https:\/\/glomes.com.br\/regionalserrinhaam\/?s={search_term_string}"},"query-input":{"@type":"PropertyValueSpecification","valueRequired":true,"valueName":"search_term_string"}}],"inLanguage":"pt-BR"},{"@type":"Organization","@id":"https:\/\/glomes.com.br\/regionalserrinhaam\/#organization","name":"Regional Serrinha - 790 AM","url":"https:\/\/glomes.com.br\/regionalserrinhaam\/","logo":{"@type":"ImageObject","inLanguage":"pt-BR","@id":"https:\/\/glomes.com.br\/regionalserrinhaam\/#\/schema\/logo\/image\/","url":"https:\/\/glomes.com.br\/regionalserrinhaam\/wp-content\/uploads\/sites\/14\/2022\/02\/Logo-regional-fundo.png","contentUrl":"https:\/\/glomes.com.br\/regionalserrinhaam\/wp-content\/uploads\/sites\/14\/2022\/02\/Logo-regional-fundo.png","width":255,"height":177,"caption":"Regional Serrinha - 790 AM"},"image":{"@id":"https:\/\/glomes.com.br\/regionalserrinhaam\/#\/schema\/logo\/image\/"}}]}},"_links":{"self":[{"href":"https:\/\/glomes.com.br\/regionalserrinhaam\/wp-json\/wp\/v2\/pages\/4","targetHints":{"allow":["GET"]}}],"collection":[{"href":"https:\/\/glomes.com.br\/regionalserrinhaam\/wp-json\/wp\/v2\/pages"}],"about":[{"href":"https:\/\/glomes.com.br\/regionalserrinhaam\/wp-json\/wp\/v2\/types\/page"}],"author":[{"embeddable":true,"href":"https:\/\/glomes.com.br\/regionalserrinhaam\/wp-json\/wp\/v2\/users\/1"}],"replies":[{"embeddable":true,"href":"https:\/\/glomes.com.br\/regionalserrinhaam\/wp-json\/wp\/v2\/comments?post=4"}],"version-history":[{"count":3,"href":"https:\/\/glomes.com.br\/regionalserrinhaam\/wp-json\/wp\/v2\/pages\/4\/revisions"}],"predecessor-version":[{"id":75,"href":"https:\/\/glomes.com.br\/regionalserrinhaam\/wp-json\/wp\/v2\/pages\/4\/revisions\/75"}],"wp:attachment":[{"href":"https:\/\/glomes.com.br\/regionalserrinhaam\/wp-json\/wp\/v2\/media?parent=4"}],"curies":[{"name":"wp","href":"https:\/\/api.w.org\/{rel}","templated":true}]}}